{"id":305,"date":"2024-10-15T20:54:13","date_gmt":"2024-10-15T18:54:13","guid":{"rendered":"https:\/\/playday.es\/?page_id=305"},"modified":"2025-09-14T19:02:56","modified_gmt":"2025-09-14T17:02:56","slug":"terminos-y-condiciones","status":"publish","type":"page","link":"https:\/\/playday.es\/en\/terms-and-conditions\/","title":{"rendered":"Terms and Conditions"},"content":{"rendered":"<style>.elementor-305 .elementor-element.elementor-element-6611bba{--display:flex;--flex-direction:column;--container-widget-width:100%;--container-widget-height:initial;--container-widget-flex-grow:0;--container-widget-align-self:initial;--flex-wrap-mobile:wrap;--padding-top:40px;--padding-bottom:40px;--padding-left:20px;--padding-right:20px;}.elementor-widget-text-editor{font-family:var( --e-global-typography-text-font-family ), Sans-serif;font-weight:var( --e-global-typography-text-font-weight );color:var( --e-global-color-text );}.elementor-widget-text-editor.elementor-drop-cap-view-stacked .elementor-drop-cap{background-color:var( --e-global-color-primary );}.elementor-widget-text-editor.elementor-drop-cap-view-framed .elementor-drop-cap, .elementor-widget-text-editor.elementor-drop-cap-view-default .elementor-drop-cap{color:var( --e-global-color-primary );border-color:var( --e-global-color-primary );}@media(min-width:768px){.elementor-305 .elementor-element.elementor-element-6611bba{--content-width:900px;}}\/* Start custom CSS for text-editor, class: .elementor-element-970ebb4 *\/.elementor-305 .elementor-element.elementor-element-970ebb4 ul li, .elementor-305 .elementor-element.elementor-element-970ebb4 ol li{\n    margin: 1em 0;\n}\/* End custom CSS *\/<\/style>\t\t<div data-elementor-type=\"wp-page\" data-elementor-id=\"305\" class=\"elementor elementor-305\" data-elementor-post-type=\"page\">\n\t\t\t\t<div class=\"elementor-element elementor-element-6611bba e-flex e-con-boxed e-con e-parent\" data-id=\"6611bba\" data-element_type=\"container\">\n\t\t\t\t\t<div class=\"e-con-inner\">\n\t\t\t\t<div class=\"elementor-element elementor-element-970ebb4 elementor-widget elementor-widget-text-editor\" data-id=\"970ebb4\" data-element_type=\"widget\" data-widget_type=\"text-editor.default\">\n\t\t\t\t<div class=\"elementor-widget-container\">\n\t\t\t\t\t\t\t\t\tLast updated: October 21, 2024\n\nPlease read these terms and conditions carefully before using our Service.\n<h2>Interpretation and Definitions<\/h2>\n<h3>Interpretation<\/h3>\nThe words of which the initial letter is capitalized have meanings defined under the following conditions. The following definitions shall have the same meaning regardless of whether they appear in singular or in plural.\n<h3>Definitions<\/h3>\nFor the purposes of these Terms and Conditions:\n<ul>\n \t<li><strong>Afiliado<\/strong> significa una entidad que controla, est\u00e1 controlada por o est\u00e1 bajo control com\u00fan con una parte, donde \u00abcontrol\u00bb significa la propiedad del 50% o m\u00e1s de las acciones, intereses de capital u otros valores con derecho a voto para la elecci\u00f3n de directores u otra autoridad administrativa.<\/li>\n \t<li class=\"translation-block\"><strong>Country<\/strong> refers to:  Spain<\/li>\n \t<li><strong>Empresa<\/strong> (denominada como \u00abla Empresa\u00bb, \u00abNosotros\u00bb, \u00abNos\u00bb o \u00abNuestro\u00bb en este Acuerdo) se refiere a Playday, C. \u00c1ngel Ganivet, 1, 29005.<\/li>\n \t<li class=\"translation-block\"><strong>Device<\/strong> means any device that can access the Service such as a computer, a cellphone or a digital tablet.<\/li>\n \t<li class=\"translation-block\"><strong>Service<\/strong> refers to the Website.<\/li>\n \t<li class=\"translation-block\"><strong>Terms and Conditions<\/strong> (also referred as &quot;Terms&quot;) mean these Terms and Conditions that form the entire agreement between You and the Company regarding the use of the Service.<\/li>\n \t<li class=\"translation-block\"><strong>Third-party Social Media Service<\/strong> means any services or content (including data, information, products or services) provided by a third-party that may be displayed, included or made available by the Service.<\/li>\n \t<li class=\"translation-block\"><strong>Website<\/strong> refers to Playday, accessible from <a href=\"https:\/\/playday.es\/en\/\" rel=\"external nofollow noopener\" target=\"_blank\">https:\/\/playday.es<\/a><\/li>\n \t<li class=\"translation-block\"><strong>You<\/strong> means the individual accessing or using the Service, or the company, or other legal entity on behalf of which such individual is accessing or using the Service, as applicable.<\/li>\n<\/ul>\n<h2>Acknowledgment<\/h2>\nEstos son los T\u00e9rminos y Condiciones que rigen el uso de este Servicio y el acuerdo que opera entre Usted y la Compa\u00f1\u00eda. Estos T\u00e9rminos y Condiciones establecen los derechos y obligaciones de todos los usuarios con respecto al uso del Servicio.\n\nSu acceso y uso del Servicio est\u00e1 condicionado a Su aceptaci\u00f3n y cumplimiento de estos T\u00e9rminos y Condiciones. Estos T\u00e9rminos y Condiciones se aplican a todos los visitantes, usuarios y otras personas que accedan o utilicen el Servicio.\n\nAl acceder o utilizar el Servicio, Usted acepta estar sujeto a estos T\u00e9rminos y Condiciones. Si no est\u00e1 de acuerdo con alguna parte de estos T\u00e9rminos y Condiciones, no podr\u00e1 acceder al Servicio.\n\nUsted declara que es mayor de 18 a\u00f1os. La Compa\u00f1\u00eda no permite que los menores de 18 a\u00f1os utilicen el Servicio.\n\nSu acceso y uso del Servicio tambi\u00e9n est\u00e1 condicionado a Su aceptaci\u00f3n y cumplimiento de la Pol\u00edtica de Privacidad de la Compa\u00f1\u00eda. Nuestra Pol\u00edtica de privacidad describe nuestras pol\u00edticas y procedimientos sobre la recopilaci\u00f3n, el uso y la divulgaci\u00f3n de su informaci\u00f3n personal cuando utiliza la Aplicaci\u00f3n o el Sitio web y le informa sobre sus derechos de privacidad y c\u00f3mo la ley lo protege. Lea atentamente nuestra Pol\u00edtica de privacidad antes de utilizar nuestro Servicio.\n<h2>Links to Other Websites<\/h2>\nNuestro Servicio puede contener enlaces a sitios web o servicios de terceros que no son propiedad de la Compa\u00f1\u00eda ni est\u00e1n controlados por ella.\n\nLa Compa\u00f1\u00eda no tiene control ni asume ninguna responsabilidad por el contenido, las pol\u00edticas de privacidad o las pr\u00e1cticas de sitios web o servicios de terceros. Adem\u00e1s, usted reconoce y acepta que la Compa\u00f1\u00eda no ser\u00e1 responsable, directa o indirectamente, de ning\u00fan da\u00f1o o p\u00e9rdida causados \u200b\u200bo presuntamente causados \u200b\u200bpor o en relaci\u00f3n con el uso o la confianza en dicho contenido, bienes o servicios disponibles en o a trav\u00e9s de dichos sitios web o servicios.\n\nLe recomendamos encarecidamente que lea los t\u00e9rminos y condiciones y las pol\u00edticas de privacidad de los sitios web o servicios de terceros que visite.\n<h2>Termination<\/h2>\nPodemos terminar o suspender su acceso de inmediato, sin previo aviso ni responsabilidad, por cualquier motivo, incluido, entre otros, si usted incumple estos T\u00e9rminos y condiciones.\n\nTras la terminaci\u00f3n, su derecho a utilizar el Servicio cesar\u00e1 de inmediato.\n<h2>Limitation of Liability<\/h2>\nSin perjuicio de los da\u00f1os que Usted pueda sufrir, la responsabilidad total de la Compa\u00f1\u00eda y de cualquiera de sus proveedores en virtud de cualquier disposici\u00f3n de estos T\u00e9rminos y Su recurso exclusivo por todo lo anterior se limitar\u00e1 al monto efectivamente pagado por Usted a trav\u00e9s del Servicio o 100 USD si Usted no ha comprado nada a trav\u00e9s del Servicio.\n\nEn la medida m\u00e1xima permitida por la ley aplicable, en ning\u00fan caso la Compa\u00f1\u00eda o sus proveedores ser\u00e1n responsables de ning\u00fan da\u00f1o especial, incidental, indirecto o consecuente de ning\u00fan tipo (incluidos, entre otros, da\u00f1os por p\u00e9rdida de ganancias, p\u00e9rdida de datos u otra informaci\u00f3n, por interrupci\u00f3n comercial, por lesiones personales, p\u00e9rdida de privacidad que surja de o est\u00e9 de alguna manera relacionada con el uso o la incapacidad de usar el Servicio, software de terceros y\/o hardware de terceros utilizado con el Servicio, o de otro modo en relaci\u00f3n con cualquier disposici\u00f3n de estos T\u00e9rminos), incluso si la Compa\u00f1\u00eda o cualquier proveedor ha sido informado de la posibilidad de dichos da\u00f1os e incluso si el recurso no cumple con su prop\u00f3sito esencial.\n\nAlgunos estados no permiten la exclusi\u00f3n de garant\u00edas impl\u00edcitas o limitaci\u00f3n de responsabilidad por da\u00f1os incidentales o consecuentes, lo que significa que algunas de las limitaciones anteriores pueden no aplicarse. En estos estados, la responsabilidad de cada parte se limitar\u00e1 en la mayor medida permitida por la ley.\n<h2>\"AS IS\" and \"AS AVAILABLE\" Disclaimer<\/h2>\nEl Servicio se le proporciona \u00abTAL CUAL\u00bb y \u00abSEG\u00daN DISPONIBILIDAD\u00bb y con todos los defectos y fallas sin garant\u00eda de ning\u00fan tipo. En la medida m\u00e1xima permitida por la ley aplicable, la Compa\u00f1\u00eda, en su propio nombre y en nombre de sus Afiliados y sus respectivos licenciantes y proveedores de servicios, renuncia expresamente a todas las garant\u00edas, ya sean expresas, impl\u00edcitas, legales o de otro tipo, con respecto al Servicio, incluidas todas las garant\u00edas impl\u00edcitas de comerciabilidad, idoneidad para un prop\u00f3sito particular, t\u00edtulo y no infracci\u00f3n, y las garant\u00edas que puedan surgir del curso de la negociaci\u00f3n, el curso del desempe\u00f1o, el uso o la pr\u00e1ctica comercial. Sin limitar lo anterior, la Compa\u00f1\u00eda no ofrece garant\u00eda ni compromiso, y no hace ninguna representaci\u00f3n de ning\u00fan tipo de que el Servicio cumplir\u00e1 con sus requisitos, lograr\u00e1 los resultados previstos, ser\u00e1 compatible o funcionar\u00e1 con cualquier otro software, aplicaci\u00f3n, sistema o servicio, funcionar\u00e1 sin interrupciones, cumplir\u00e1 con los est\u00e1ndares de rendimiento o confiabilidad o estar\u00e1 libre de errores o que cualquier error o defecto puede o ser\u00e1 corregido.\n\nSin limitar lo anterior, ni la Compa\u00f1\u00eda ni ninguno de los proveedores de la compa\u00f1\u00eda hace ninguna representaci\u00f3n o garant\u00eda de ning\u00fan tipo, expresa o impl\u00edcita: (i) en cuanto al funcionamiento o disponibilidad del Servicio, o la informaci\u00f3n, contenido y materiales o productos incluidos en el mismo; (ii) que el Servicio ser\u00e1 ininterrumpido o libre de errores; (iii) en cuanto a la precisi\u00f3n, confiabilidad o actualidad de cualquier informaci\u00f3n o contenido proporcionado a trav\u00e9s del Servicio; o (iv) que el Servicio, sus servidores, el contenido o los correos electr\u00f3nicos enviados desde o en nombre de la Compa\u00f1\u00eda est\u00e1n libres de virus, scripts, troyanos, gusanos, malware, bombas de tiempo u otros componentes da\u00f1inos.\n\nAlgunas jurisdicciones no permiten la exclusi\u00f3n de ciertos tipos de garant\u00edas o limitaciones sobre los derechos legales aplicables de un consumidor, por lo que algunas o todas las exclusiones y limitaciones anteriores pueden no aplicarse a Usted. Pero en tal caso, las exclusiones y limitaciones establecidas en esta secci\u00f3n se aplicar\u00e1n en la mayor medida posible seg\u00fan la ley aplicable.\n<h2>Governing Law<\/h2>\nThe laws of the Country, excluding its conflicts of law rules, shall govern this Terms and Your use of the Service. Your use of the Application may also be subject to other local, state, national, or international laws.\n<h2>Disputes Resolution<\/h2>\nIf You have any concern or dispute about the Service, You agree to first try to resolve the dispute informally by contacting the Company.\n<h2>For European Union (EU) Users<\/h2>\nIf You are a European Union consumer, you will benefit from any mandatory provisions of the law of the country in which You are resident.\n<h2>United States Legal Compliance<\/h2>\nUsted declara y garantiza que (i) no se encuentra en un pa\u00eds que est\u00e9 sujeto al embargo del gobierno de los Estados Unidos o que haya sido designado por el gobierno de los Estados Unidos como un pa\u00eds que \u00abapoya al terrorismo\u00bb pa\u00eds, y (ii) no figura en ninguna lista del gobierno de los Estados Unidos de partes prohibidas o restringidas.\n<h2>Severability and Waiver<\/h2>\n<h3>Severability<\/h3>\nIf any provision of these Terms is held to be unenforceable or invalid, such provision will be changed and interpreted to accomplish the objectives of such provision to the greatest extent possible under applicable law and the remaining provisions will continue in full force and effect.\n<h3>Waiver<\/h3>\nExcept as provided herein, the failure to exercise a right or to require performance of an obligation under these Terms shall not affect a party's ability to exercise such right or require such performance at any time thereafter nor shall the waiver of a breach constitute a waiver of any subsequent breach.\n<h2>Translation Interpretation<\/h2>\nThese Terms and Conditions may have been translated if We have made them available to You on our Service.\nYou agree that the original English text shall prevail in the case of a dispute.\n<h2>Changes to These Terms and Conditions<\/h2>\nWe reserve the right, at Our sole discretion, to modify or replace these Terms at any time. If a revision is material We will make reasonable efforts to provide at least 30 days' notice prior to any new terms taking effect. What constitutes a material change will be determined at Our sole discretion.\nBy continuing to access or use Our Service after those revisions become effective, You agree to be bound by the revised terms. If You do not agree to the new terms, in whole or in part, please stop using the website and the Service.\n<h2>Contact Us<\/h2>\nIf you have any questions about these Terms and Conditions, You can contact us:\n<ul>\nBy email: info@playday.es\n<\/ul>\t\t\t\t\t\t\t\t<\/div>\n\t\t\t\t<\/div>\n\t\t\t\t\t<\/div>\n\t\t\t\t<\/div>\n\t\t\t\t<\/div>","protected":false},"excerpt":{"rendered":"<p>\u00daltima actualizaci\u00f3n: 21 de octubre de 2024 Lea atentamente estos t\u00e9rminos y condiciones antes de utilizar nuestro Servicio. Interpretaci\u00f3n y definiciones Interpretaci\u00f3n Las palabras cuya letra inicial est\u00e1 en may\u00fascula tienen significados definidos en las siguientes condiciones. Las siguientes definiciones tendr\u00e1n el mismo significado independientemente de si aparecen en singular o en plural. Definiciones A [&hellip;]<\/p>\n","protected":false},"author":1,"featured_media":0,"parent":0,"menu_order":0,"comment_status":"closed","ping_status":"closed","template":"","meta":{"_joinchat":[],"footnotes":""},"class_list":["post-305","page","type-page","status-publish","hentry"],"yoast_head":"<!-- This site is optimized with the Yoast SEO plugin v27.4 - https:\/\/yoast.com\/product\/yoast-seo-wordpress\/ -->\n<title>T\u00e9rminos y Condiciones - PlayDay<\/title>\n<meta name=\"description\" content=\"Las palabras cuya letra inicial est\u00e1 en may\u00fascula tienen significados definidos en las siguientes condiciones. Las siguientes definiciones tendr\u00e1n el mismo significado independientemente de si aparecen en singular o en plural.\" \/>\n<meta name=\"robots\" content=\"noindex, nofollow\" \/>\n<meta property=\"og:locale\" content=\"en_GB\" \/>\n<meta property=\"og:type\" content=\"article\" \/>\n<meta property=\"og:title\" content=\"T\u00e9rminos y Condiciones - PlayDay\" \/>\n<meta property=\"og:description\" content=\"Las palabras cuya letra inicial est\u00e1 en may\u00fascula tienen significados definidos en las siguientes condiciones. Las siguientes definiciones tendr\u00e1n el mismo significado independientemente de si aparecen en singular o en plural.\" \/>\n<meta property=\"og:url\" content=\"https:\/\/playday.es\/en\/terms-and-conditions\/\" \/>\n<meta property=\"og:site_name\" content=\"PlayDay\" \/>\n<meta property=\"article:modified_time\" content=\"2025-09-14T17:02:56+00:00\" \/>\n<meta name=\"twitter:card\" content=\"summary_large_image\" \/>\n<meta name=\"twitter:label1\" content=\"Estimated reading time\" \/>\n\t<meta name=\"twitter:data1\" content=\"8 minutes\" \/>\n<script type=\"application\/ld+json\" class=\"yoast-schema-graph\">{\"@context\":\"https:\\\/\\\/schema.org\",\"@graph\":[{\"@type\":\"WebPage\",\"@id\":\"https:\\\/\\\/playday.es\\\/terminos-y-condiciones\\\/\",\"url\":\"https:\\\/\\\/playday.es\\\/terminos-y-condiciones\\\/\",\"name\":\"T\u00e9rminos y Condiciones - PlayDay\",\"isPartOf\":{\"@id\":\"https:\\\/\\\/playday.es\\\/#website\"},\"datePublished\":\"2024-10-15T18:54:13+00:00\",\"dateModified\":\"2025-09-14T17:02:56+00:00\",\"description\":\"Las palabras cuya letra inicial est\u00e1 en may\u00fascula tienen significados definidos en las siguientes condiciones. Las siguientes definiciones tendr\u00e1n el mismo significado independientemente de si aparecen en singular o en plural.\",\"breadcrumb\":{\"@id\":\"https:\\\/\\\/playday.es\\\/terminos-y-condiciones\\\/#breadcrumb\"},\"inLanguage\":\"en-GB\",\"potentialAction\":[{\"@type\":\"ReadAction\",\"target\":[\"https:\\\/\\\/playday.es\\\/terminos-y-condiciones\\\/\"]}]},{\"@type\":\"BreadcrumbList\",\"@id\":\"https:\\\/\\\/playday.es\\\/terminos-y-condiciones\\\/#breadcrumb\",\"itemListElement\":[{\"@type\":\"ListItem\",\"position\":1,\"name\":\"Portada\",\"item\":\"https:\\\/\\\/playday.es\\\/\"},{\"@type\":\"ListItem\",\"position\":2,\"name\":\"T\u00e9rminos y Condiciones\"}]},{\"@type\":\"WebSite\",\"@id\":\"https:\\\/\\\/playday.es\\\/#website\",\"url\":\"https:\\\/\\\/playday.es\\\/\",\"name\":\"PlayDay\",\"description\":\"\",\"publisher\":{\"@id\":\"https:\\\/\\\/playday.es\\\/#organization\"},\"potentialAction\":[{\"@type\":\"SearchAction\",\"target\":{\"@type\":\"EntryPoint\",\"urlTemplate\":\"https:\\\/\\\/playday.es\\\/?s={search_term_string}\"},\"query-input\":{\"@type\":\"PropertyValueSpecification\",\"valueRequired\":true,\"valueName\":\"search_term_string\"}}],\"inLanguage\":\"en-GB\"},{\"@type\":\"Organization\",\"@id\":\"https:\\\/\\\/playday.es\\\/#organization\",\"name\":\"PlayDay\",\"url\":\"https:\\\/\\\/playday.es\\\/\",\"logo\":{\"@type\":\"ImageObject\",\"inLanguage\":\"en-GB\",\"@id\":\"https:\\\/\\\/playday.es\\\/#\\\/schema\\\/logo\\\/image\\\/\",\"url\":\"https:\\\/\\\/playday.es\\\/wp-content\\\/uploads\\\/2024\\\/10\\\/playday-logo.png\",\"contentUrl\":\"https:\\\/\\\/playday.es\\\/wp-content\\\/uploads\\\/2024\\\/10\\\/playday-logo.png\",\"width\":292,\"height\":74,\"caption\":\"PlayDay\"},\"image\":{\"@id\":\"https:\\\/\\\/playday.es\\\/#\\\/schema\\\/logo\\\/image\\\/\"}}]}<\/script>\n<!-- \/ Yoast SEO plugin. -->","yoast_head_json":{"title":"Terms and Conditions - PlayDay","description":"The words of which the initial letter is capitalized have meanings defined under the following conditions. The following definitions shall have the same meaning regardless of whether they appear in singular or in plural.","robots":{"index":"noindex","follow":"nofollow"},"og_locale":"en_GB","og_type":"article","og_title":"T\u00e9rminos y Condiciones - PlayDay","og_description":"Las palabras cuya letra inicial est\u00e1 en may\u00fascula tienen significados definidos en las siguientes condiciones. Las siguientes definiciones tendr\u00e1n el mismo significado independientemente de si aparecen en singular o en plural.","og_url":"https:\/\/playday.es\/en\/terms-and-conditions\/","og_site_name":"PlayDay","article_modified_time":"2025-09-14T17:02:56+00:00","twitter_card":"summary_large_image","twitter_misc":{"Estimated reading time":"8 minutes"},"schema":{"@context":"https:\/\/schema.org","@graph":[{"@type":"WebPage","@id":"https:\/\/playday.es\/terminos-y-condiciones\/","url":"https:\/\/playday.es\/terminos-y-condiciones\/","name":"Terms and Conditions - PlayDay","isPartOf":{"@id":"https:\/\/playday.es\/#website"},"datePublished":"2024-10-15T18:54:13+00:00","dateModified":"2025-09-14T17:02:56+00:00","description":"The words of which the initial letter is capitalized have meanings defined under the following conditions. The following definitions shall have the same meaning regardless of whether they appear in singular or in plural.","breadcrumb":{"@id":"https:\/\/playday.es\/terminos-y-condiciones\/#breadcrumb"},"inLanguage":"en-GB","potentialAction":[{"@type":"ReadAction","target":["https:\/\/playday.es\/terminos-y-condiciones\/"]}]},{"@type":"BreadcrumbList","@id":"https:\/\/playday.es\/terminos-y-condiciones\/#breadcrumb","itemListElement":[{"@type":"ListItem","position":1,"name":"Portada","item":"https:\/\/playday.es\/"},{"@type":"ListItem","position":2,"name":"T\u00e9rminos y Condiciones"}]},{"@type":"WebSite","@id":"https:\/\/playday.es\/#website","url":"https:\/\/playday.es\/","name":"PlayDay","description":"","publisher":{"@id":"https:\/\/playday.es\/#organization"},"potentialAction":[{"@type":"SearchAction","target":{"@type":"EntryPoint","urlTemplate":"https:\/\/playday.es\/?s={search_term_string}"},"query-input":{"@type":"PropertyValueSpecification","valueRequired":true,"valueName":"search_term_string"}}],"inLanguage":"en-GB"},{"@type":"Organization","@id":"https:\/\/playday.es\/#organization","name":"PlayDay","url":"https:\/\/playday.es\/","logo":{"@type":"ImageObject","inLanguage":"en-GB","@id":"https:\/\/playday.es\/#\/schema\/logo\/image\/","url":"https:\/\/playday.es\/wp-content\/uploads\/2024\/10\/playday-logo.png","contentUrl":"https:\/\/playday.es\/wp-content\/uploads\/2024\/10\/playday-logo.png","width":292,"height":74,"caption":"PlayDay"},"image":{"@id":"https:\/\/playday.es\/#\/schema\/logo\/image\/"}}]}},"_links":{"self":[{"href":"https:\/\/playday.es\/en\/wp-json\/wp\/v2\/pages\/305","targetHints":{"allow":["GET"]}}],"collection":[{"href":"https:\/\/playday.es\/en\/wp-json\/wp\/v2\/pages"}],"about":[{"href":"https:\/\/playday.es\/en\/wp-json\/wp\/v2\/types\/page"}],"author":[{"embeddable":true,"href":"https:\/\/playday.es\/en\/wp-json\/wp\/v2\/users\/1"}],"replies":[{"embeddable":true,"href":"https:\/\/playday.es\/en\/wp-json\/wp\/v2\/comments?post=305"}],"version-history":[{"count":3,"href":"https:\/\/playday.es\/en\/wp-json\/wp\/v2\/pages\/305\/revisions"}],"predecessor-version":[{"id":761,"href":"https:\/\/playday.es\/en\/wp-json\/wp\/v2\/pages\/305\/revisions\/761"}],"wp:attachment":[{"href":"https:\/\/playday.es\/en\/wp-json\/wp\/v2\/media?parent=305"}],"curies":[{"name":"wp","href":"https:\/\/api.w.org\/{rel}","templated":true}]}}